{"id":153,"date":"2018-02-28T08:36:10","date_gmt":"2018-02-28T08:36:10","guid":{"rendered":"http:\/\/podlaskifestiwal.pl\/2025\/?page_id=153"},"modified":"2018-04-25T13:41:56","modified_gmt":"2018-04-25T13:41:56","slug":"sponsorzy-instytucje-wspierajace","status":"publish","type":"page","link":"https:\/\/podlaskifestiwal.pl\/2025\/o-festiwalu\/sponsorzy-instytucje-wspierajace\/","title":{"rendered":"Sponsorzy \/ Instytucje wspieraj\u0105ce"},"content":{"rendered":"<p>Zach\u0119camy do wsp\u00f3\u0142pracy i wsparcia XVI Podlaskiego Festiwalu Nauki i Sztuki w formie finansowej. To doskona\u0142a okazja do promocji Pa\u0144stwa firmy w kontek\u015bcie du\u017cego wydarzenia popularyzuj\u0105cego nauk\u0119 i sztuki. Najwi\u0119ksz\u0105 grup\u0119 odbiorc\u00f3w PFNiSz stanowi m\u0142odzie\u017c szkolna i studencka Polski p\u00f3\u0142nocno-wschodniej. Natomiast podczas Rodzinnego Pikniku Naukowego, kt\u00f3ry odb\u0119dzie si\u0119 na Stadionie Miejskim w Bia\u0142ymstoku, macie Pa\u0144stwo szans\u0119 dotrze\u0107 r\u00f3wnie\u017c do doros\u0142ych uczestnik\u00f3w imprezy.<\/p>\n<p>W zamian za wsparcie finansowe Festiwalu proponujemy reklamowanie si\u0119 przedsi\u0119biorstwa\/firmy\/instytucji poprzez umieszczenie znaku firmowego na stronie internetowej oraz w miejscach odbywania si\u0119 imprez. Na program XVI PFNiSz sk\u0142ada si\u0119 ponad 400 imprez popularyzuj\u0105cych kilkadziesi\u0105t dziedzin nauki.<\/p>\n<p>Sponsoring mo\u017ce obejmowa\u0107:<\/p>\n<ol type=\"a\">\n<li>ca\u0142o\u015b\u0107 wydarzenia pn.&nbsp;XVI Podlaski Festiwal Nauki i Sztuki<\/li>\n<li>wszystkie imprezy zaplanowane w wybranym terminie Festiwalowym (np. dzie\u0144)<\/li>\n<li>imprezy skupiaj\u0105ce si\u0119 na wybranej dziedzinie nauki lub sztuki<\/li>\n<li>pojedyncz\u0105, wybran\u0105 imprez\u0119 w programie XVI PFNiSz<\/li>\n<\/ol>\n<p>&nbsp;<\/p>\n<p>Wszystkich potrzebnych informacji udzieli Biuro Festiwalowe (tel. 85&nbsp;746 9338) oraz&nbsp;<a href=\"http:\/\/podlaskifestiwal.pl\/2025\/kontakt\/\" target=\"_blank\" rel=\"noopener\">koordynator g\u0142\u00f3wny Festiwalu<\/a>.<\/p>\n","protected":false},"excerpt":{"rendered":"<p>Zach\u0119camy do wsp\u00f3\u0142pracy i wsparcia XVI Podlaskiego Festiwalu Nauki i Sztuki w formie finansowej. To doskona\u0142a okazja do promocji Pa\u0144stwa firmy w kontek\u015bcie du\u017cego wydarzenia popularyzuj\u0105cego nauk\u0119 i sztuki. Najwi\u0119ksz\u0105 grup\u0119 odbiorc\u00f3w PFNiSz stanowi m\u0142odzie\u017c szkolna i studencka Polski p\u00f3\u0142nocno-wschodniej. Natomiast podczas Rodzinnego Pikniku Naukowego, kt\u00f3ry odb\u0119dzie si\u0119 na Stadionie Miejskim w Bia\u0142ymstoku, macie Pa\u0144stwo [&hellip;]<\/p>\n","protected":false},"author":1,"featured_media":0,"parent":16,"menu_order":0,"comment_status":"closed","ping_status":"closed","template":"","meta":{"ngg_post_thumbnail":0,"footnotes":""},"class_list":["post-153","page","type-page","status-publish","hentry"],"yoast_head":"<!-- This site is optimized with the Yoast SEO plugin v27.1.1 - https:\/\/yoast.com\/product\/yoast-seo-wordpress\/ -->\n<title>Sponsorzy \/ Instytucje wspieraj\u0105ce - XX Podlaski Festiwal Nauki i Sztuki 2025<\/title>\n<meta name=\"robots\" content=\"index, follow, max-snippet:-1, max-image-preview:large, max-video-preview:-1\" \/>\n<link rel=\"canonical\" href=\"https:\/\/podlaskifestiwal.pl\/2025\/o-festiwalu\/sponsorzy-instytucje-wspierajace\/\" \/>\n<meta property=\"og:locale\" content=\"pl_PL\" \/>\n<meta property=\"og:type\" content=\"article\" \/>\n<meta property=\"og:title\" content=\"Sponsorzy \/ Instytucje wspieraj\u0105ce - XX Podlaski Festiwal Nauki i Sztuki 2025\" \/>\n<meta property=\"og:description\" content=\"Zach\u0119camy do wsp\u00f3\u0142pracy i wsparcia XVI Podlaskiego Festiwalu Nauki i Sztuki w formie finansowej. To doskona\u0142a okazja do promocji Pa\u0144stwa firmy w kontek\u015bcie du\u017cego wydarzenia popularyzuj\u0105cego nauk\u0119 i sztuki. Najwi\u0119ksz\u0105 grup\u0119 odbiorc\u00f3w PFNiSz stanowi m\u0142odzie\u017c szkolna i studencka Polski p\u00f3\u0142nocno-wschodniej. Natomiast podczas Rodzinnego Pikniku Naukowego, kt\u00f3ry odb\u0119dzie si\u0119 na Stadionie Miejskim w Bia\u0142ymstoku, macie Pa\u0144stwo [&hellip;]\" \/>\n<meta property=\"og:url\" content=\"https:\/\/podlaskifestiwal.pl\/2025\/o-festiwalu\/sponsorzy-instytucje-wspierajace\/\" \/>\n<meta property=\"og:site_name\" content=\"XX Podlaski Festiwal Nauki i Sztuki 2025\" \/>\n<meta property=\"article:modified_time\" content=\"2018-04-25T13:41:56+00:00\" \/>\n<meta name=\"twitter:card\" content=\"summary_large_image\" \/>\n<meta name=\"twitter:label1\" content=\"Szacowany czas czytania\" \/>\n\t<meta name=\"twitter:data1\" content=\"1 minuta\" \/>\n<script type=\"application\/ld+json\" class=\"yoast-schema-graph\">{\"@context\":\"https:\/\/schema.org\",\"@graph\":[{\"@type\":\"WebPage\",\"@id\":\"https:\/\/podlaskifestiwal.pl\/2025\/o-festiwalu\/sponsorzy-instytucje-wspierajace\/\",\"url\":\"https:\/\/podlaskifestiwal.pl\/2025\/o-festiwalu\/sponsorzy-instytucje-wspierajace\/\",\"name\":\"Sponsorzy \/ Instytucje wspieraj\u0105ce - XX Podlaski Festiwal Nauki i Sztuki 2025\",\"isPartOf\":{\"@id\":\"https:\/\/podlaskifestiwal.pl\/2025\/#website\"},\"datePublished\":\"2018-02-28T08:36:10+00:00\",\"dateModified\":\"2018-04-25T13:41:56+00:00\",\"breadcrumb\":{\"@id\":\"https:\/\/podlaskifestiwal.pl\/2025\/o-festiwalu\/sponsorzy-instytucje-wspierajace\/#breadcrumb\"},\"inLanguage\":\"pl-PL\",\"potentialAction\":[{\"@type\":\"ReadAction\",\"target\":[\"https:\/\/podlaskifestiwal.pl\/2025\/o-festiwalu\/sponsorzy-instytucje-wspierajace\/\"]}]},{\"@type\":\"BreadcrumbList\",\"@id\":\"https:\/\/podlaskifestiwal.pl\/2025\/o-festiwalu\/sponsorzy-instytucje-wspierajace\/#breadcrumb\",\"itemListElement\":[{\"@type\":\"ListItem\",\"position\":1,\"name\":\"Strona g\u0142\u00f3wna\",\"item\":\"https:\/\/podlaskifestiwal.pl\/2025\/\"},{\"@type\":\"ListItem\",\"position\":2,\"name\":\"O festiwalu\",\"item\":\"https:\/\/podlaskifestiwal.pl\/2025\/o-festiwalu\/\"},{\"@type\":\"ListItem\",\"position\":3,\"name\":\"Sponsorzy \/ Instytucje wspieraj\u0105ce\"}]},{\"@type\":\"WebSite\",\"@id\":\"https:\/\/podlaskifestiwal.pl\/2025\/#website\",\"url\":\"https:\/\/podlaskifestiwal.pl\/2025\/\",\"name\":\"XXI Podlaski Festiwal Nauki i Sztuki\",\"description\":\"XXI Podlaski Festiwal Nauki i Sztuki\",\"publisher\":{\"@id\":\"https:\/\/podlaskifestiwal.pl\/2025\/#organization\"},\"potentialAction\":[{\"@type\":\"SearchAction\",\"target\":{\"@type\":\"EntryPoint\",\"urlTemplate\":\"https:\/\/podlaskifestiwal.pl\/2025\/?s={search_term_string}\"},\"query-input\":{\"@type\":\"PropertyValueSpecification\",\"valueRequired\":true,\"valueName\":\"search_term_string\"}}],\"inLanguage\":\"pl-PL\"},{\"@type\":\"Organization\",\"@id\":\"https:\/\/podlaskifestiwal.pl\/2025\/#organization\",\"name\":\"XXI Podlaski Festiwal Nauki i Sztuki\",\"url\":\"https:\/\/podlaskifestiwal.pl\/2025\/\",\"logo\":{\"@type\":\"ImageObject\",\"inLanguage\":\"pl-PL\",\"@id\":\"https:\/\/podlaskifestiwal.pl\/2025\/#\/schema\/logo\/image\/\",\"url\":\"https:\/\/podlaskifestiwal.pl\/2025\/wp-content\/uploads\/sites\/7\/2025\/04\/Baner-Fleming-1.png\",\"contentUrl\":\"https:\/\/podlaskifestiwal.pl\/2025\/wp-content\/uploads\/sites\/7\/2025\/04\/Baner-Fleming-1.png\",\"width\":2400,\"height\":800,\"caption\":\"XXI Podlaski Festiwal Nauki i Sztuki\"},\"image\":{\"@id\":\"https:\/\/podlaskifestiwal.pl\/2025\/#\/schema\/logo\/image\/\"}}]}<\/script>\n<!-- \/ Yoast SEO plugin. -->","yoast_head_json":{"title":"Sponsorzy \/ Instytucje wspieraj\u0105ce - XX Podlaski Festiwal Nauki i Sztuki 2025","robots":{"index":"index","follow":"follow","max-snippet":"max-snippet:-1","max-image-preview":"max-image-preview:large","max-video-preview":"max-video-preview:-1"},"canonical":"https:\/\/podlaskifestiwal.pl\/2025\/o-festiwalu\/sponsorzy-instytucje-wspierajace\/","og_locale":"pl_PL","og_type":"article","og_title":"Sponsorzy \/ Instytucje wspieraj\u0105ce - XX Podlaski Festiwal Nauki i Sztuki 2025","og_description":"Zach\u0119camy do wsp\u00f3\u0142pracy i wsparcia XVI Podlaskiego Festiwalu Nauki i Sztuki w formie finansowej. To doskona\u0142a okazja do promocji Pa\u0144stwa firmy w kontek\u015bcie du\u017cego wydarzenia popularyzuj\u0105cego nauk\u0119 i sztuki. Najwi\u0119ksz\u0105 grup\u0119 odbiorc\u00f3w PFNiSz stanowi m\u0142odzie\u017c szkolna i studencka Polski p\u00f3\u0142nocno-wschodniej. Natomiast podczas Rodzinnego Pikniku Naukowego, kt\u00f3ry odb\u0119dzie si\u0119 na Stadionie Miejskim w Bia\u0142ymstoku, macie Pa\u0144stwo [&hellip;]","og_url":"https:\/\/podlaskifestiwal.pl\/2025\/o-festiwalu\/sponsorzy-instytucje-wspierajace\/","og_site_name":"XX Podlaski Festiwal Nauki i Sztuki 2025","article_modified_time":"2018-04-25T13:41:56+00:00","twitter_card":"summary_large_image","twitter_misc":{"Szacowany czas czytania":"1 minuta"},"schema":{"@context":"https:\/\/schema.org","@graph":[{"@type":"WebPage","@id":"https:\/\/podlaskifestiwal.pl\/2025\/o-festiwalu\/sponsorzy-instytucje-wspierajace\/","url":"https:\/\/podlaskifestiwal.pl\/2025\/o-festiwalu\/sponsorzy-instytucje-wspierajace\/","name":"Sponsorzy \/ Instytucje wspieraj\u0105ce - XX Podlaski Festiwal Nauki i Sztuki 2025","isPartOf":{"@id":"https:\/\/podlaskifestiwal.pl\/2025\/#website"},"datePublished":"2018-02-28T08:36:10+00:00","dateModified":"2018-04-25T13:41:56+00:00","breadcrumb":{"@id":"https:\/\/podlaskifestiwal.pl\/2025\/o-festiwalu\/sponsorzy-instytucje-wspierajace\/#breadcrumb"},"inLanguage":"pl-PL","potentialAction":[{"@type":"ReadAction","target":["https:\/\/podlaskifestiwal.pl\/2025\/o-festiwalu\/sponsorzy-instytucje-wspierajace\/"]}]},{"@type":"BreadcrumbList","@id":"https:\/\/podlaskifestiwal.pl\/2025\/o-festiwalu\/sponsorzy-instytucje-wspierajace\/#breadcrumb","itemListElement":[{"@type":"ListItem","position":1,"name":"Strona g\u0142\u00f3wna","item":"https:\/\/podlaskifestiwal.pl\/2025\/"},{"@type":"ListItem","position":2,"name":"O festiwalu","item":"https:\/\/podlaskifestiwal.pl\/2025\/o-festiwalu\/"},{"@type":"ListItem","position":3,"name":"Sponsorzy \/ Instytucje wspieraj\u0105ce"}]},{"@type":"WebSite","@id":"https:\/\/podlaskifestiwal.pl\/2025\/#website","url":"https:\/\/podlaskifestiwal.pl\/2025\/","name":"XXI Podlaski Festiwal Nauki i Sztuki","description":"XXI Podlaski Festiwal Nauki i Sztuki","publisher":{"@id":"https:\/\/podlaskifestiwal.pl\/2025\/#organization"},"potentialAction":[{"@type":"SearchAction","target":{"@type":"EntryPoint","urlTemplate":"https:\/\/podlaskifestiwal.pl\/2025\/?s={search_term_string}"},"query-input":{"@type":"PropertyValueSpecification","valueRequired":true,"valueName":"search_term_string"}}],"inLanguage":"pl-PL"},{"@type":"Organization","@id":"https:\/\/podlaskifestiwal.pl\/2025\/#organization","name":"XXI Podlaski Festiwal Nauki i Sztuki","url":"https:\/\/podlaskifestiwal.pl\/2025\/","logo":{"@type":"ImageObject","inLanguage":"pl-PL","@id":"https:\/\/podlaskifestiwal.pl\/2025\/#\/schema\/logo\/image\/","url":"https:\/\/podlaskifestiwal.pl\/2025\/wp-content\/uploads\/sites\/7\/2025\/04\/Baner-Fleming-1.png","contentUrl":"https:\/\/podlaskifestiwal.pl\/2025\/wp-content\/uploads\/sites\/7\/2025\/04\/Baner-Fleming-1.png","width":2400,"height":800,"caption":"XXI Podlaski Festiwal Nauki i Sztuki"},"image":{"@id":"https:\/\/podlaskifestiwal.pl\/2025\/#\/schema\/logo\/image\/"}}]}},"_links":{"self":[{"href":"https:\/\/podlaskifestiwal.pl\/2025\/wp-json\/wp\/v2\/pages\/153","targetHints":{"allow":["GET"]}}],"collection":[{"href":"https:\/\/podlaskifestiwal.pl\/2025\/wp-json\/wp\/v2\/pages"}],"about":[{"href":"https:\/\/podlaskifestiwal.pl\/2025\/wp-json\/wp\/v2\/types\/page"}],"author":[{"embeddable":true,"href":"https:\/\/podlaskifestiwal.pl\/2025\/wp-json\/wp\/v2\/users\/1"}],"replies":[{"embeddable":true,"href":"https:\/\/podlaskifestiwal.pl\/2025\/wp-json\/wp\/v2\/comments?post=153"}],"version-history":[{"count":5,"href":"https:\/\/podlaskifestiwal.pl\/2025\/wp-json\/wp\/v2\/pages\/153\/revisions"}],"predecessor-version":[{"id":1715,"href":"https:\/\/podlaskifestiwal.pl\/2025\/wp-json\/wp\/v2\/pages\/153\/revisions\/1715"}],"up":[{"embeddable":true,"href":"https:\/\/podlaskifestiwal.pl\/2025\/wp-json\/wp\/v2\/pages\/16"}],"wp:attachment":[{"href":"https:\/\/podlaskifestiwal.pl\/2025\/wp-json\/wp\/v2\/media?parent=153"}],"curies":[{"name":"wp","href":"https:\/\/api.w.org\/{rel}","templated":true}]}}