{"id":14,"date":"2018-02-14T11:18:07","date_gmt":"2018-02-14T11:18:07","guid":{"rendered":"http:\/\/podlaskifestiwal.pl\/2025\/?page_id=14"},"modified":"2025-03-26T11:31:56","modified_gmt":"2025-03-26T11:31:56","slug":"kontakt","status":"publish","type":"page","link":"https:\/\/podlaskifestiwal.pl\/2025\/kontakt\/","title":{"rendered":"Kontakt"},"content":{"rendered":"<h3><img loading=\"lazy\" decoding=\"async\" class=\"alignleft wp-image-11455 size-medium\" src=\"http:\/\/podlaskifestiwal.pl\/2025\/wp-content\/uploads\/sites\/7\/2025\/03\/LOGO-FESTIWALU1-300x154.jpg\" alt=\"\" width=\"300\" height=\"154\" srcset=\"https:\/\/podlaskifestiwal.pl\/2025\/wp-content\/uploads\/sites\/7\/2025\/03\/LOGO-FESTIWALU1-300x154.jpg 300w, https:\/\/podlaskifestiwal.pl\/2025\/wp-content\/uploads\/sites\/7\/2025\/03\/LOGO-FESTIWALU1-1024x526.jpg 1024w, https:\/\/podlaskifestiwal.pl\/2025\/wp-content\/uploads\/sites\/7\/2025\/03\/LOGO-FESTIWALU1-768x395.jpg 768w, https:\/\/podlaskifestiwal.pl\/2025\/wp-content\/uploads\/sites\/7\/2025\/03\/LOGO-FESTIWALU1.jpg 1296w\" sizes=\"auto, (max-width: 300px) 100vw, 300px\" \/><\/h3>\n<h2 style=\"text-align: left\"><strong>Biuro Festiwalu<\/strong><\/h2>\n<h2 style=\"text-align: left\"><strong>Biuro Promocji i Rekrutacji Uniwersytetu Medycznego w Bia\u0142ymstoku<\/strong><br \/>\nul. Jana Kili\u0144skiego 1, Bia\u0142ystok (lewe skrzyd\u0142o Pa\u0142acu Branickich)<\/h2>\n<h2 style=\"text-align: left\">tel. <a href=\"tel:+48857485512\" target=\"_blank\" rel=\"noopener\">+ 48 85 7485512<\/a><br \/>\ne-mail: <a href=\"promocja@umb.edu.pl\" target=\"_blank\" rel=\"noopener\">promocja@umb.edu.pl<\/a><\/h2>\n<p>&nbsp;<\/p>\n<div class=\"embed-responsive embed-responsive-16by9\"><iframe class=\"embed-responsive-item\" src=\"https:\/\/www.google.com\/maps\/embed?pb=!1m18!1m12!1m3!1d9575.276531453128!2d23.155685632554377!3d53.13139226323221!2m3!1f0!2f0!3f0!3m2!1i1024!2i768!4f13.1!3m3!1m2!1s0x471ffc02d911f963%3A0x8c9699a601100144!2sUniwersytet%20Medyczny%20w%20Bia%C5%82ymstoku!5e0!3m2!1spl!2spl!4v1583224490528!5m2!1spl!2spl\"  border=\"0\" frameborder=\"0\"><\/iframe><\/div>\n","protected":false},"excerpt":{"rendered":"<p>Biuro Festiwalu Biuro Promocji i Rekrutacji Uniwersytetu Medycznego w Bia\u0142ymstoku ul. Jana Kili\u0144skiego 1, Bia\u0142ystok (lewe skrzyd\u0142o Pa\u0142acu Branickich) tel. + 48 85 7485512 e-mail: promocja@umb.edu.pl &nbsp;<\/p>\n","protected":false},"author":1,"featured_media":0,"parent":0,"menu_order":0,"comment_status":"closed","ping_status":"closed","template":"","meta":{"ngg_post_thumbnail":0,"footnotes":""},"class_list":["post-14","page","type-page","status-publish","hentry"],"yoast_head":"<!-- This site is optimized with the Yoast SEO plugin v27.1.1 - https:\/\/yoast.com\/product\/yoast-seo-wordpress\/ -->\n<title>Kontakt - XX Podlaski Festiwal Nauki i Sztuki 2025<\/title>\n<meta name=\"robots\" content=\"index, follow, max-snippet:-1, max-image-preview:large, max-video-preview:-1\" \/>\n<link rel=\"canonical\" href=\"https:\/\/podlaskifestiwal.pl\/2025\/kontakt\/\" \/>\n<meta property=\"og:locale\" content=\"pl_PL\" \/>\n<meta property=\"og:type\" content=\"article\" \/>\n<meta property=\"og:title\" content=\"Kontakt - XX Podlaski Festiwal Nauki i Sztuki 2025\" \/>\n<meta property=\"og:description\" content=\"Biuro Festiwalu Biuro Promocji i Rekrutacji Uniwersytetu Medycznego w Bia\u0142ymstoku ul. Jana Kili\u0144skiego 1, Bia\u0142ystok (lewe skrzyd\u0142o Pa\u0142acu Branickich) tel. + 48 85 7485512 e-mail: promocja@umb.edu.pl &nbsp;\" \/>\n<meta property=\"og:url\" content=\"https:\/\/podlaskifestiwal.pl\/2025\/kontakt\/\" \/>\n<meta property=\"og:site_name\" content=\"XX Podlaski Festiwal Nauki i Sztuki 2025\" \/>\n<meta property=\"article:modified_time\" content=\"2025-03-26T11:31:56+00:00\" \/>\n<meta property=\"og:image\" content=\"http:\/\/podlaskifestiwal.pl\/2025\/wp-content\/uploads\/sites\/7\/2025\/03\/LOGO-FESTIWALU1-300x154.jpg\" \/>\n<meta name=\"twitter:card\" content=\"summary_large_image\" \/>\n<script type=\"application\/ld+json\" class=\"yoast-schema-graph\">{\"@context\":\"https:\/\/schema.org\",\"@graph\":[{\"@type\":\"WebPage\",\"@id\":\"https:\/\/podlaskifestiwal.pl\/2025\/kontakt\/\",\"url\":\"https:\/\/podlaskifestiwal.pl\/2025\/kontakt\/\",\"name\":\"Kontakt - XX Podlaski Festiwal Nauki i Sztuki 2025\",\"isPartOf\":{\"@id\":\"https:\/\/podlaskifestiwal.pl\/2025\/#website\"},\"primaryImageOfPage\":{\"@id\":\"https:\/\/podlaskifestiwal.pl\/2025\/kontakt\/#primaryimage\"},\"image\":{\"@id\":\"https:\/\/podlaskifestiwal.pl\/2025\/kontakt\/#primaryimage\"},\"thumbnailUrl\":\"http:\/\/podlaskifestiwal.pl\/2025\/wp-content\/uploads\/sites\/7\/2025\/03\/LOGO-FESTIWALU1-300x154.jpg\",\"datePublished\":\"2018-02-14T11:18:07+00:00\",\"dateModified\":\"2025-03-26T11:31:56+00:00\",\"breadcrumb\":{\"@id\":\"https:\/\/podlaskifestiwal.pl\/2025\/kontakt\/#breadcrumb\"},\"inLanguage\":\"pl-PL\",\"potentialAction\":[{\"@type\":\"ReadAction\",\"target\":[\"https:\/\/podlaskifestiwal.pl\/2025\/kontakt\/\"]}]},{\"@type\":\"ImageObject\",\"inLanguage\":\"pl-PL\",\"@id\":\"https:\/\/podlaskifestiwal.pl\/2025\/kontakt\/#primaryimage\",\"url\":\"https:\/\/podlaskifestiwal.pl\/2025\/wp-content\/uploads\/sites\/7\/2025\/03\/LOGO-FESTIWALU1.jpg\",\"contentUrl\":\"https:\/\/podlaskifestiwal.pl\/2025\/wp-content\/uploads\/sites\/7\/2025\/03\/LOGO-FESTIWALU1.jpg\",\"width\":1296,\"height\":666},{\"@type\":\"BreadcrumbList\",\"@id\":\"https:\/\/podlaskifestiwal.pl\/2025\/kontakt\/#breadcrumb\",\"itemListElement\":[{\"@type\":\"ListItem\",\"position\":1,\"name\":\"Strona g\u0142\u00f3wna\",\"item\":\"https:\/\/podlaskifestiwal.pl\/2025\/\"},{\"@type\":\"ListItem\",\"position\":2,\"name\":\"Kontakt\"}]},{\"@type\":\"WebSite\",\"@id\":\"https:\/\/podlaskifestiwal.pl\/2025\/#website\",\"url\":\"https:\/\/podlaskifestiwal.pl\/2025\/\",\"name\":\"XXI Podlaski Festiwal Nauki i Sztuki\",\"description\":\"XXI Podlaski Festiwal Nauki i Sztuki\",\"publisher\":{\"@id\":\"https:\/\/podlaskifestiwal.pl\/2025\/#organization\"},\"potentialAction\":[{\"@type\":\"SearchAction\",\"target\":{\"@type\":\"EntryPoint\",\"urlTemplate\":\"https:\/\/podlaskifestiwal.pl\/2025\/?s={search_term_string}\"},\"query-input\":{\"@type\":\"PropertyValueSpecification\",\"valueRequired\":true,\"valueName\":\"search_term_string\"}}],\"inLanguage\":\"pl-PL\"},{\"@type\":\"Organization\",\"@id\":\"https:\/\/podlaskifestiwal.pl\/2025\/#organization\",\"name\":\"XXI Podlaski Festiwal Nauki i Sztuki\",\"url\":\"https:\/\/podlaskifestiwal.pl\/2025\/\",\"logo\":{\"@type\":\"ImageObject\",\"inLanguage\":\"pl-PL\",\"@id\":\"https:\/\/podlaskifestiwal.pl\/2025\/#\/schema\/logo\/image\/\",\"url\":\"https:\/\/podlaskifestiwal.pl\/2025\/wp-content\/uploads\/sites\/7\/2025\/04\/Baner-Fleming-1.png\",\"contentUrl\":\"https:\/\/podlaskifestiwal.pl\/2025\/wp-content\/uploads\/sites\/7\/2025\/04\/Baner-Fleming-1.png\",\"width\":2400,\"height\":800,\"caption\":\"XXI Podlaski Festiwal Nauki i Sztuki\"},\"image\":{\"@id\":\"https:\/\/podlaskifestiwal.pl\/2025\/#\/schema\/logo\/image\/\"}}]}<\/script>\n<!-- \/ Yoast SEO plugin. -->","yoast_head_json":{"title":"Kontakt - XX Podlaski Festiwal Nauki i Sztuki 2025","robots":{"index":"index","follow":"follow","max-snippet":"max-snippet:-1","max-image-preview":"max-image-preview:large","max-video-preview":"max-video-preview:-1"},"canonical":"https:\/\/podlaskifestiwal.pl\/2025\/kontakt\/","og_locale":"pl_PL","og_type":"article","og_title":"Kontakt - XX Podlaski Festiwal Nauki i Sztuki 2025","og_description":"Biuro Festiwalu Biuro Promocji i Rekrutacji Uniwersytetu Medycznego w Bia\u0142ymstoku ul. Jana Kili\u0144skiego 1, Bia\u0142ystok (lewe skrzyd\u0142o Pa\u0142acu Branickich) tel. + 48 85 7485512 e-mail: promocja@umb.edu.pl &nbsp;","og_url":"https:\/\/podlaskifestiwal.pl\/2025\/kontakt\/","og_site_name":"XX Podlaski Festiwal Nauki i Sztuki 2025","article_modified_time":"2025-03-26T11:31:56+00:00","og_image":[{"url":"http:\/\/podlaskifestiwal.pl\/2025\/wp-content\/uploads\/sites\/7\/2025\/03\/LOGO-FESTIWALU1-300x154.jpg","type":"","width":"","height":""}],"twitter_card":"summary_large_image","schema":{"@context":"https:\/\/schema.org","@graph":[{"@type":"WebPage","@id":"https:\/\/podlaskifestiwal.pl\/2025\/kontakt\/","url":"https:\/\/podlaskifestiwal.pl\/2025\/kontakt\/","name":"Kontakt - XX Podlaski Festiwal Nauki i Sztuki 2025","isPartOf":{"@id":"https:\/\/podlaskifestiwal.pl\/2025\/#website"},"primaryImageOfPage":{"@id":"https:\/\/podlaskifestiwal.pl\/2025\/kontakt\/#primaryimage"},"image":{"@id":"https:\/\/podlaskifestiwal.pl\/2025\/kontakt\/#primaryimage"},"thumbnailUrl":"http:\/\/podlaskifestiwal.pl\/2025\/wp-content\/uploads\/sites\/7\/2025\/03\/LOGO-FESTIWALU1-300x154.jpg","datePublished":"2018-02-14T11:18:07+00:00","dateModified":"2025-03-26T11:31:56+00:00","breadcrumb":{"@id":"https:\/\/podlaskifestiwal.pl\/2025\/kontakt\/#breadcrumb"},"inLanguage":"pl-PL","potentialAction":[{"@type":"ReadAction","target":["https:\/\/podlaskifestiwal.pl\/2025\/kontakt\/"]}]},{"@type":"ImageObject","inLanguage":"pl-PL","@id":"https:\/\/podlaskifestiwal.pl\/2025\/kontakt\/#primaryimage","url":"https:\/\/podlaskifestiwal.pl\/2025\/wp-content\/uploads\/sites\/7\/2025\/03\/LOGO-FESTIWALU1.jpg","contentUrl":"https:\/\/podlaskifestiwal.pl\/2025\/wp-content\/uploads\/sites\/7\/2025\/03\/LOGO-FESTIWALU1.jpg","width":1296,"height":666},{"@type":"BreadcrumbList","@id":"https:\/\/podlaskifestiwal.pl\/2025\/kontakt\/#breadcrumb","itemListElement":[{"@type":"ListItem","position":1,"name":"Strona g\u0142\u00f3wna","item":"https:\/\/podlaskifestiwal.pl\/2025\/"},{"@type":"ListItem","position":2,"name":"Kontakt"}]},{"@type":"WebSite","@id":"https:\/\/podlaskifestiwal.pl\/2025\/#website","url":"https:\/\/podlaskifestiwal.pl\/2025\/","name":"XXI Podlaski Festiwal Nauki i Sztuki","description":"XXI Podlaski Festiwal Nauki i Sztuki","publisher":{"@id":"https:\/\/podlaskifestiwal.pl\/2025\/#organization"},"potentialAction":[{"@type":"SearchAction","target":{"@type":"EntryPoint","urlTemplate":"https:\/\/podlaskifestiwal.pl\/2025\/?s={search_term_string}"},"query-input":{"@type":"PropertyValueSpecification","valueRequired":true,"valueName":"search_term_string"}}],"inLanguage":"pl-PL"},{"@type":"Organization","@id":"https:\/\/podlaskifestiwal.pl\/2025\/#organization","name":"XXI Podlaski Festiwal Nauki i Sztuki","url":"https:\/\/podlaskifestiwal.pl\/2025\/","logo":{"@type":"ImageObject","inLanguage":"pl-PL","@id":"https:\/\/podlaskifestiwal.pl\/2025\/#\/schema\/logo\/image\/","url":"https:\/\/podlaskifestiwal.pl\/2025\/wp-content\/uploads\/sites\/7\/2025\/04\/Baner-Fleming-1.png","contentUrl":"https:\/\/podlaskifestiwal.pl\/2025\/wp-content\/uploads\/sites\/7\/2025\/04\/Baner-Fleming-1.png","width":2400,"height":800,"caption":"XXI Podlaski Festiwal Nauki i Sztuki"},"image":{"@id":"https:\/\/podlaskifestiwal.pl\/2025\/#\/schema\/logo\/image\/"}}]}},"_links":{"self":[{"href":"https:\/\/podlaskifestiwal.pl\/2025\/wp-json\/wp\/v2\/pages\/14","targetHints":{"allow":["GET"]}}],"collection":[{"href":"https:\/\/podlaskifestiwal.pl\/2025\/wp-json\/wp\/v2\/pages"}],"about":[{"href":"https:\/\/podlaskifestiwal.pl\/2025\/wp-json\/wp\/v2\/types\/page"}],"author":[{"embeddable":true,"href":"https:\/\/podlaskifestiwal.pl\/2025\/wp-json\/wp\/v2\/users\/1"}],"replies":[{"embeddable":true,"href":"https:\/\/podlaskifestiwal.pl\/2025\/wp-json\/wp\/v2\/comments?post=14"}],"version-history":[{"count":69,"href":"https:\/\/podlaskifestiwal.pl\/2025\/wp-json\/wp\/v2\/pages\/14\/revisions"}],"predecessor-version":[{"id":11462,"href":"https:\/\/podlaskifestiwal.pl\/2025\/wp-json\/wp\/v2\/pages\/14\/revisions\/11462"}],"wp:attachment":[{"href":"https:\/\/podlaskifestiwal.pl\/2025\/wp-json\/wp\/v2\/media?parent=14"}],"curies":[{"name":"wp","href":"https:\/\/api.w.org\/{rel}","templated":true}]}}