{"id":4,"date":"2019-03-25T10:15:40","date_gmt":"2019-03-25T10:15:40","guid":{"rendered":"http:\/\/podlaskifestiwal.pl\/2024\/?page_id=4"},"modified":"2024-03-18T10:34:08","modified_gmt":"2024-03-18T10:34:08","slug":"aktualnosci","status":"publish","type":"page","link":"https:\/\/podlaskifestiwal.pl\/2024\/","title":{"rendered":"AKTUALNO\u015aCI"},"content":{"rendered":"<p>Zaczynamy wielkie odliczanie do jubileuszowego XX Podlaskiego Festiwalu Nauki i Sztuki!<\/p>\n<p>Daty ju\u017c znamy. Tegoroczny festiwal rozpocznie si\u0119 10 maja i potrwa do 19 maja. W sobot\u0119, 18 maja odb\u0119dzie si\u0119 Rodzinny Piknik Naukowy na Stadion Miejski w Bia\u0142ymstoku. #PFNiS to najwi\u0119ksze cykliczne wydarzenie popularyzuj\u0105ce nauk\u0119 w Polsce p\u00f3\u0142nocno-wschodniej.<\/p>\n<p>Organizuje je wsp\u00f3lnie 12 uczelni publicznych i niepublicznych: Uniwersytet w Bia\u0142ymstoku, Uniwersytet Medyczny w Bia\u0142ymstoku, Politechnika Bia\u0142ostocka, Uniwersytet Muzyczny Fryderyka Chopina &#8211; Wydzia\u0142 Instrumentalno-Pedagogiczny, Edukacji Muzycznej i Wokalistyki w Bia\u0142ymstoku, Akademia Teatralna im. Aleksandra Zelwerowicza Filia w Bia\u0142ymstoku, Archidiecezjalne Wy\u017csze Seminarium Duchowne w Bia\u0142ymstoku, Wy\u017csza Szko\u0142a Medyczna w Bia\u0142ymstoku, Akademia Podlaska w Bia\u0142ymstoku &#8211; Akademia Nauk Stosowanych, Akademia \u0141om\u017cy\u0144ska, PUZ w Suwa\u0142kach, Wy\u017csza Szko\u0142a Ekonomiczna w Bia\u0142ymstoku, Wschodnioeuropejska Akademia Nauk Stosowanych w Bia\u0142ymstoku oraz Bia\u0142ostocki Park Naukowo-Technologiczny.<\/p>\n<p>Uniwersytet w Bia\u0142ymstoku jest w tym roku koordynatorem g\u0142\u00f3wnym imprezy. Wi\u0119cej szczeg\u00f3\u0142\u00f3w nied\u0142ugo.<\/p>\n<p style=\"text-align: center\">Projekt dofinansowany ze \u015brodk\u00f3w bud\u017cetu pa\u0144stwa, przyznanych przez Ministerstwo Nauki i Szkolnictwa Wy\u017cszego w ramach Programu &#8222;Spo\u0142eczna odpowiedzialno\u015b\u0107 nauki II&#8221;.<\/p>\n<p>&nbsp;<\/p>\n<p>&nbsp;<\/p>\n<p>&nbsp;<\/p>\n<p>&nbsp;<\/p>\n<p>&nbsp;<\/p>\n","protected":false},"excerpt":{"rendered":"<p>Zaczynamy wielkie odliczanie do jubileuszowego XX Podlaskiego Festiwalu Nauki i Sztuki! Daty ju\u017c znamy. Tegoroczny festiwal rozpocznie si\u0119 10 maja i potrwa do 19 maja. W sobot\u0119, 18 maja odb\u0119dzie si\u0119 Rodzinny Piknik Naukowy na Stadion Miejski w Bia\u0142ymstoku. #PFNiS to najwi\u0119ksze cykliczne wydarzenie popularyzuj\u0105ce nauk\u0119 w Polsce p\u00f3\u0142nocno-wschodniej. Organizuje je wsp\u00f3lnie 12 uczelni publicznych [&hellip;]<\/p>\n","protected":false},"author":1,"featured_media":0,"parent":0,"menu_order":0,"comment_status":"closed","ping_status":"closed","template":"","meta":{"ngg_post_thumbnail":0,"footnotes":""},"class_list":["post-4","page","type-page","status-publish","hentry"],"_links":{"self":[{"href":"https:\/\/podlaskifestiwal.pl\/2024\/wp-json\/wp\/v2\/pages\/4","targetHints":{"allow":["GET"]}}],"collection":[{"href":"https:\/\/podlaskifestiwal.pl\/2024\/wp-json\/wp\/v2\/pages"}],"about":[{"href":"https:\/\/podlaskifestiwal.pl\/2024\/wp-json\/wp\/v2\/types\/page"}],"author":[{"embeddable":true,"href":"https:\/\/podlaskifestiwal.pl\/2024\/wp-json\/wp\/v2\/users\/1"}],"replies":[{"embeddable":true,"href":"https:\/\/podlaskifestiwal.pl\/2024\/wp-json\/wp\/v2\/comments?post=4"}],"version-history":[{"count":32,"href":"https:\/\/podlaskifestiwal.pl\/2024\/wp-json\/wp\/v2\/pages\/4\/revisions"}],"predecessor-version":[{"id":8984,"href":"https:\/\/podlaskifestiwal.pl\/2024\/wp-json\/wp\/v2\/pages\/4\/revisions\/8984"}],"wp:attachment":[{"href":"https:\/\/podlaskifestiwal.pl\/2024\/wp-json\/wp\/v2\/media?parent=4"}],"curies":[{"name":"wp","href":"https:\/\/api.w.org\/{rel}","templated":true}]}}