{"id":161,"date":"2018-02-28T08:39:07","date_gmt":"2018-02-28T08:39:07","guid":{"rendered":"http:\/\/podlaskifestiwal.pl\/2024\/?page_id=161"},"modified":"2024-05-13T11:51:49","modified_gmt":"2024-05-13T11:51:49","slug":"harmonogram-imprez","status":"publish","type":"page","link":"https:\/\/podlaskifestiwal.pl\/2024\/program\/harmonogram-imprez\/","title":{"rendered":"Harmonogram g\u0142\u00f3wnych wydarze\u0144"},"content":{"rendered":"","protected":false},"excerpt":{"rendered":"","protected":false},"author":1,"featured_media":0,"parent":33,"menu_order":0,"comment_status":"closed","ping_status":"closed","template":"harmonogram-page.php","meta":{"ngg_post_thumbnail":0,"footnotes":""},"class_list":["post-161","page","type-page","status-publish","hentry"],"_links":{"self":[{"href":"https:\/\/podlaskifestiwal.pl\/2024\/wp-json\/wp\/v2\/pages\/161","targetHints":{"allow":["GET"]}}],"collection":[{"href":"https:\/\/podlaskifestiwal.pl\/2024\/wp-json\/wp\/v2\/pages"}],"about":[{"href":"https:\/\/podlaskifestiwal.pl\/2024\/wp-json\/wp\/v2\/types\/page"}],"author":[{"embeddable":true,"href":"https:\/\/podlaskifestiwal.pl\/2024\/wp-json\/wp\/v2\/users\/1"}],"replies":[{"embeddable":true,"href":"https:\/\/podlaskifestiwal.pl\/2024\/wp-json\/wp\/v2\/comments?post=161"}],"version-history":[{"count":73,"href":"https:\/\/podlaskifestiwal.pl\/2024\/wp-json\/wp\/v2\/pages\/161\/revisions"}],"predecessor-version":[{"id":10609,"href":"https:\/\/podlaskifestiwal.pl\/2024\/wp-json\/wp\/v2\/pages\/161\/revisions\/10609"}],"up":[{"embeddable":true,"href":"https:\/\/podlaskifestiwal.pl\/2024\/wp-json\/wp\/v2\/pages\/33"}],"wp:attachment":[{"href":"https:\/\/podlaskifestiwal.pl\/2024\/wp-json\/wp\/v2\/media?parent=161"}],"curies":[{"name":"wp","href":"https:\/\/api.w.org\/{rel}","templated":true}]}}