{"id":4,"date":"2019-03-25T10:15:40","date_gmt":"2019-03-25T10:15:40","guid":{"rendered":"http:\/\/podlaskifestiwal.pl\/2023\/?page_id=4"},"modified":"2023-04-11T08:38:18","modified_gmt":"2023-04-11T08:38:18","slug":"aktualnosci","status":"publish","type":"page","link":"https:\/\/podlaskifestiwal.pl\/2023\/","title":{"rendered":"AKTUALNO\u015aCI"},"content":{"rendered":"<p>Szanowni Pa\u0144stwo,<\/p>\n<p>Serdecznie zapraszamy na kolejn\u0105 edycj\u0119 Podlaskiego Festiwalu Nauki i Sztuki, kt\u00f3ry zaplanowany jest od 7 do 13 maja 2022 roku.<\/p>\n<p>Obecnie przygotowujemy szczeg\u00f3\u0142owy program. Od 1 kwietnia b\u0119dzie mo\u017cna si\u0119 rejestrowa\u0107 na poszczeg\u00f3lne imprezy.<\/p>\n<p>8 maja 2022 roku na Stadionie Miejskim w Bia\u0142ymstoku planujemy w godzinach 10:00-15:00 Rodzinny Piknik Naukowy.<\/p>\n<p>Do zobaczenia w maju!<\/p>\n<p>&nbsp;<\/p>\n<p>&nbsp;<\/p>\n<p>&nbsp;<\/p>\n<p>&nbsp;<\/p>\n<p>&nbsp;<\/p>\n","protected":false},"excerpt":{"rendered":"<p>Szanowni Pa\u0144stwo, Serdecznie zapraszamy na kolejn\u0105 edycj\u0119 Podlaskiego Festiwalu Nauki i Sztuki, kt\u00f3ry zaplanowany jest od 7 do 13 maja 2022 roku. Obecnie przygotowujemy szczeg\u00f3\u0142owy program. Od 1 kwietnia b\u0119dzie mo\u017cna si\u0119 rejestrowa\u0107 na poszczeg\u00f3lne imprezy. 8 maja 2022 roku na Stadionie Miejskim w Bia\u0142ymstoku planujemy w godzinach 10:00-15:00 Rodzinny Piknik Naukowy. Do zobaczenia w [&hellip;]<\/p>\n","protected":false},"author":1,"featured_media":0,"parent":0,"menu_order":0,"comment_status":"closed","ping_status":"closed","template":"","meta":{"ngg_post_thumbnail":0,"footnotes":""},"class_list":["post-4","page","type-page","status-publish","hentry"],"_links":{"self":[{"href":"https:\/\/podlaskifestiwal.pl\/2023\/wp-json\/wp\/v2\/pages\/4","targetHints":{"allow":["GET"]}}],"collection":[{"href":"https:\/\/podlaskifestiwal.pl\/2023\/wp-json\/wp\/v2\/pages"}],"about":[{"href":"https:\/\/podlaskifestiwal.pl\/2023\/wp-json\/wp\/v2\/types\/page"}],"author":[{"embeddable":true,"href":"https:\/\/podlaskifestiwal.pl\/2023\/wp-json\/wp\/v2\/users\/1"}],"replies":[{"embeddable":true,"href":"https:\/\/podlaskifestiwal.pl\/2023\/wp-json\/wp\/v2\/comments?post=4"}],"version-history":[{"count":27,"href":"https:\/\/podlaskifestiwal.pl\/2023\/wp-json\/wp\/v2\/pages\/4\/revisions"}],"predecessor-version":[{"id":7802,"href":"https:\/\/podlaskifestiwal.pl\/2023\/wp-json\/wp\/v2\/pages\/4\/revisions\/7802"}],"wp:attachment":[{"href":"https:\/\/podlaskifestiwal.pl\/2023\/wp-json\/wp\/v2\/media?parent=4"}],"curies":[{"name":"wp","href":"https:\/\/api.w.org\/{rel}","templated":true}]}}