{"id":148,"date":"2018-02-28T08:34:26","date_gmt":"2018-02-28T08:34:26","guid":{"rendered":"http:\/\/podlaskifestiwal.pl\/2023\/?page_id=148"},"modified":"2023-04-19T10:52:24","modified_gmt":"2023-04-19T10:52:24","slug":"komitet-organizacyjny","status":"publish","type":"page","link":"https:\/\/podlaskifestiwal.pl\/2023\/o-festiwalu\/komitet-organizacyjny\/","title":{"rendered":"Komitet organizacyjny"},"content":{"rendered":"<p><strong>Koordynator g\u0142\u00f3wny<\/strong>: dr in\u017c. Piotr Ofman \u2013 Politechnika Bia\u0142ostocka<\/p>\n<p><strong>Biuro Festiwalu<\/strong>: <a href=\"https:\/\/podlaskifestiwal.pl\/2023\/kontakt\/\" target=\"_blank\" rel=\"noopener\">Dzia\u0142 Promocji Politechniki Bia\u0142ostockiej<\/a><\/p>\n<p>&nbsp;<\/p>\n<p><strong>Cz\u0142onkowie:<\/strong><\/p>\n<p><a href=\"mailto:monika.licwinko@e-at.edu.pl\">Monika Li\u0107winko<\/a>&#8211; Akademia Teatralna im. Aleksandra Zelwerowicza w Warszawie, Filia w Bia\u0142ymstoku<\/p>\n<p><a href=\"mailto:kapicawojciech7@gmail.com\">ks. Wojciech Kapica<\/a> &#8211; Archidiecezjalne Wy\u017csze Seminarium Duchowne w Bia\u0142ymstoku<\/p>\n<p><a href=\"mailto:m.jurzysta@bpnt.bialystok.pl\">mgr Marek Jurzysta<\/a> &#8211; Bia\u0142ostocki Park Naukowo-Technologiczny<\/p>\n<p><a href=\"mailto:smolskiw@wp.pl\">dr Wies\u0142aw Smolski<\/a> &#8211; Niepa\u0144stwowa Wy\u017csza Szko\u0142a Pedagogiczna w Bia\u0142ymstoku<\/p>\n<p><a href=\"mailto:omodzelewska@ansl.edu.pl\">dr Olga Modzelewska<\/a> \u2013 Akademia Nauk Stosowanych w \u0141om\u017cy<\/p>\n<p><a href=\"mailto:rzecznik@pwsz.suwalki.pl\">mgr Dawid Harasim<\/a> \u2013 Pa\u0144stwowa Uczelnia Zawodowa im. prof. Edwarda F. Szczepanika w Suwa\u0142kach<\/p>\n<p><a href=\"mailto:p.ofman@pb.edu.pl\">dr in\u017c. Piotr Ofman<\/a> \u2013 Politechnika Bia\u0142ostocka<\/p>\n<p><a href=\"mailto:promocja@umb.edu.pl\">prof. dr hab. Ludmi\u0142a Marcinowicz<\/a> &#8211; Uniwersytet Medyczny w Bia\u0142ymstoku<\/p>\n<p><a href=\"mailto:jcieslikk@mc.com\">dr hab. Joanna Cie\u015blik-Klauza<\/a>, <a href=\"mailto:evabasia@wp.pl\">dr hab. Ewa Barbara Rafa\u0142ko<\/a> &#8211; Uniwersytet Muzyczny Fryderyka Chopina Filia w Bia\u0142ymstoku, Wydzia\u0142 Instrumentalno-Pedagogiczny, Edukacji Muzycznej i Wokalistyki<\/p>\n<p><a href=\"mailto:d.sawicka@uwb.edu.pl\">mgr Dorota Sawicka<\/a> \u2013 Uniwersytet w Bia\u0142ymstoku<\/p>\n<p><a href=\"urszula.onichimiuk@wse.edu.pl\">mgr Urszula Onichimiuk<\/a> &#8211; Wy\u017csza Szko\u0142a Ekonomiczna w Bia\u0142ymstoku<\/p>\n<p><a href=\"mailto:adam.szczepanowski@wsfiz.edu.pl\">dr Adam Szczepanowski, prof. WANS<\/a>&#8211; Wschodnioeuropejska Akademia Nauk Stosowanych w Bia\u0142ymstoku<\/p>\n<p><a href=\"mailto:e.baranczuk@wsmed.pl\">dr n. med. El\u017cbieta Bara\u0144czuk<\/a> &#8211; Wy\u017csza Szko\u0142a Medyczna w Bia\u0142ymstoku<\/p>\n","protected":false},"excerpt":{"rendered":"<p>Koordynator g\u0142\u00f3wny: dr in\u017c. Piotr Ofman \u2013 Politechnika Bia\u0142ostocka Biuro Festiwalu: Dzia\u0142 Promocji Politechniki Bia\u0142ostockiej &nbsp; Cz\u0142onkowie: Monika Li\u0107winko&#8211; Akademia Teatralna im. Aleksandra Zelwerowicza w Warszawie, Filia w Bia\u0142ymstoku ks. Wojciech Kapica &#8211; Archidiecezjalne Wy\u017csze Seminarium Duchowne w Bia\u0142ymstoku mgr Marek Jurzysta &#8211; Bia\u0142ostocki Park Naukowo-Technologiczny dr Wies\u0142aw Smolski &#8211; Niepa\u0144stwowa Wy\u017csza Szko\u0142a Pedagogiczna w [&hellip;]<\/p>\n","protected":false},"author":1,"featured_media":0,"parent":16,"menu_order":0,"comment_status":"closed","ping_status":"closed","template":"","meta":{"ngg_post_thumbnail":0,"footnotes":""},"class_list":["post-148","page","type-page","status-publish","hentry"],"_links":{"self":[{"href":"https:\/\/podlaskifestiwal.pl\/2023\/wp-json\/wp\/v2\/pages\/148","targetHints":{"allow":["GET"]}}],"collection":[{"href":"https:\/\/podlaskifestiwal.pl\/2023\/wp-json\/wp\/v2\/pages"}],"about":[{"href":"https:\/\/podlaskifestiwal.pl\/2023\/wp-json\/wp\/v2\/types\/page"}],"author":[{"embeddable":true,"href":"https:\/\/podlaskifestiwal.pl\/2023\/wp-json\/wp\/v2\/users\/1"}],"replies":[{"embeddable":true,"href":"https:\/\/podlaskifestiwal.pl\/2023\/wp-json\/wp\/v2\/comments?post=148"}],"version-history":[{"count":47,"href":"https:\/\/podlaskifestiwal.pl\/2023\/wp-json\/wp\/v2\/pages\/148\/revisions"}],"predecessor-version":[{"id":8260,"href":"https:\/\/podlaskifestiwal.pl\/2023\/wp-json\/wp\/v2\/pages\/148\/revisions\/8260"}],"up":[{"embeddable":true,"href":"https:\/\/podlaskifestiwal.pl\/2023\/wp-json\/wp\/v2\/pages\/16"}],"wp:attachment":[{"href":"https:\/\/podlaskifestiwal.pl\/2023\/wp-json\/wp\/v2\/media?parent=148"}],"curies":[{"name":"wp","href":"https:\/\/api.w.org\/{rel}","templated":true}]}}