{"id":4,"date":"2019-03-25T10:15:40","date_gmt":"2019-03-25T10:15:40","guid":{"rendered":"http:\/\/podlaskifestiwal.pl\/r2019\/?page_id=4"},"modified":"2019-05-06T18:21:43","modified_gmt":"2019-05-06T18:21:43","slug":"aktualnosci","status":"publish","type":"page","link":"https:\/\/podlaskifestiwal.pl\/2019\/","title":{"rendered":"AKTUALNO\u015aCI"},"content":{"rendered":"<p><strong>Ju\u017c tylko 2 tygodnie do festiwalu!<\/strong><strong><br \/>\n<\/strong><\/p>\n<p><strong>Ponad 500 wydarze\u0144 przygotowali organizatorzy XVII Podlaskiego Festiwalu Nauki i Sztuki, kt\u00f3ry 20 maja rozpocznie si\u0119 w Bia\u0142ymstoku. Opr\u00f3cz stolicy Podlasia, f<\/strong><strong>estiwal zawita te\u017c do \u0141om\u017cy, Suwa\u0142k, Kleosina, a nawet Wilna, gdzie znajduje si\u0119 jeden z wydzia\u0142\u00f3w Uniwersytetu w Bia\u0142ymstoku. <\/strong><strong>O harmonogramie i atrakcjach imprezy organizatorzy m\u00f3wili dzi\u015b (6.05.2019) podczas konferencji prasowej, zorganizowanej w kampusie UwB, kt\u00f3ry w tym roku jest koordynatorem Festiwalu.&nbsp; <\/strong><\/p>\n<p>Has\u0142o XVII PFNiS to \u201eAlgorytmy rzeczywisto\u015bci\u201d. Jak wyja\u015bnia\u0142a prof. Izabela \u015awi\u0119cicka z Uniwersytetu w Bia\u0142ymstoku, przewodnicz\u0105ca komitetu organizacyjnego, algorytmy s\u0105 w naszym \u017cyciu wszechobecne. Rz\u0105dz\u0105 na Wall Street, kieruj\u0105 medycznymi urz\u0105dzeniami, kojarz\u0105 znajomych w Internecie, mog\u0105 kreowa\u0107 informacje, ale tak\u017ce szerzy\u0107 dezinformacj\u0119. Algorytmy pomagaj\u0105 te\u017c tworzy\u0107 \u015bwiat wirtualny, nierealny.<\/p>\n<p>&#8211; <em>Chcemy si\u0119 podczas tego festiwalu zastanowi\u0107, czy to my kszta\u0142tujemy algorytmy, czy mo\u017ce ju\u017c to algorytmy kszta\u0142tuj\u0105 nas<\/em> \u2013 m\u00f3wi\u0142a prof. Izabela \u015awi\u0119cicka. I doda\u0142a: \u2013 <em>Z drugiej strony chcemy spojrze\u0107 na algorytm tak\u017ce troszeczk\u0119 szerzej: nie tylko jako na poj\u0119cie ze \u015bwiata informatyki, komputer\u00f3w i internetu, ale te\u017c jako na spos\u00f3b postepowania cz\u0142owieka w otaczaj\u0105cym \u015bwiecie. Na przyk\u0142ad w pracy naukowej te\u017c przecie\u017c post\u0119pujemy wed\u0142ug okre\u015blonych algorytm\u00f3w, cho\u0107 oczywi\u015bcie zmieniamy je, modyfikujemy. <\/em><\/p>\n","protected":false},"excerpt":{"rendered":"<p>Ju\u017c tylko 2 tygodnie do festiwalu! Ponad 500 wydarze\u0144 przygotowali organizatorzy XVII Podlaskiego Festiwalu Nauki i Sztuki, kt\u00f3ry 20 maja rozpocznie si\u0119 w Bia\u0142ymstoku. Opr\u00f3cz stolicy Podlasia, festiwal zawita te\u017c do \u0141om\u017cy, Suwa\u0142k, Kleosina, a nawet Wilna, gdzie znajduje si\u0119 jeden z wydzia\u0142\u00f3w Uniwersytetu w Bia\u0142ymstoku. O harmonogramie i atrakcjach imprezy organizatorzy m\u00f3wili dzi\u015b (6.05.2019) [&hellip;]<\/p>\n","protected":false},"author":1,"featured_media":0,"parent":0,"menu_order":0,"comment_status":"closed","ping_status":"closed","template":"","meta":{"ngg_post_thumbnail":0,"footnotes":""},"class_list":["post-4","page","type-page","status-publish","hentry"],"_links":{"self":[{"href":"https:\/\/podlaskifestiwal.pl\/2019\/wp-json\/wp\/v2\/pages\/4","targetHints":{"allow":["GET"]}}],"collection":[{"href":"https:\/\/podlaskifestiwal.pl\/2019\/wp-json\/wp\/v2\/pages"}],"about":[{"href":"https:\/\/podlaskifestiwal.pl\/2019\/wp-json\/wp\/v2\/types\/page"}],"author":[{"embeddable":true,"href":"https:\/\/podlaskifestiwal.pl\/2019\/wp-json\/wp\/v2\/users\/1"}],"replies":[{"embeddable":true,"href":"https:\/\/podlaskifestiwal.pl\/2019\/wp-json\/wp\/v2\/comments?post=4"}],"version-history":[{"count":13,"href":"https:\/\/podlaskifestiwal.pl\/2019\/wp-json\/wp\/v2\/pages\/4\/revisions"}],"predecessor-version":[{"id":4217,"href":"https:\/\/podlaskifestiwal.pl\/2019\/wp-json\/wp\/v2\/pages\/4\/revisions\/4217"}],"wp:attachment":[{"href":"https:\/\/podlaskifestiwal.pl\/2019\/wp-json\/wp\/v2\/media?parent=4"}],"curies":[{"name":"wp","href":"https:\/\/api.w.org\/{rel}","templated":true}]}}