{"id":151,"date":"2018-02-28T08:35:16","date_gmt":"2018-02-28T08:35:16","guid":{"rendered":"http:\/\/podlaskifestiwal.pl\/r2019\/?page_id=151"},"modified":"2019-04-23T08:43:52","modified_gmt":"2019-04-23T08:43:52","slug":"patronaty_partnerzy","status":"publish","type":"page","link":"https:\/\/podlaskifestiwal.pl\/2019\/o-festiwalu\/patronaty_partnerzy\/","title":{"rendered":"Partnerzy i patronaty wydarzenia"},"content":{"rendered":"<h1 style=\"text-align: center\">Partnerzy:<\/h1>\n<p>&nbsp;<br \/>\n    <div class=\"partnerzy-logos\">\r\n                    <a href=\"https:\/\/www.bialystok.pl\/\" target=\"_blank\" class=\"partnerzy-logos-item\"><img decoding=\"async\" src=\"https:\/\/podlaskifestiwal.pl\/2019\/wp-content\/uploads\/sites\/3\/2018\/04\/wschodzacy_bstok.png\" alt=\"Urz\u0105d Miejski w Bia\u0142ymstoku\"><\/a>\r\n                        <a href=\"http:\/\/www.lomza.pl\/\" target=\"_blank\" class=\"partnerzy-logos-item\"><img decoding=\"async\" src=\"https:\/\/podlaskifestiwal.pl\/2019\/wp-content\/uploads\/sites\/3\/2019\/04\/Zasmakuj-pion.png\" alt=\"Urz\u0105d Miejski w \u0141om\u017cy\"><\/a>\r\n                        <a href=\"https:\/\/um.suwalki.pl\" target=\"_blank\" class=\"partnerzy-logos-item\"><img decoding=\"async\" src=\"https:\/\/podlaskifestiwal.pl\/2019\/wp-content\/uploads\/sites\/3\/2018\/04\/pogodne_suwalki.png\" alt=\"Urz\u0105d Miejski w Suwa\u0142kach\"><\/a>\r\n                <\/div>\r\n    <\/p>\n<h1 style=\"text-align: center\">Patronat:<\/h1>\n<p>&nbsp;<br \/>\n    <div class=\"patronat-logos\">\r\n                    <a href=\"http:\/\/www.nauka.gov.pl\/\" target=\"_blank\" class=\"patronat-logos-item\"><img decoding=\"async\" src=\"https:\/\/podlaskifestiwal.pl\/2019\/wp-content\/uploads\/sites\/3\/2018\/04\/ministerstwo.png\" alt=\"Ministerstwo Nauki i Szkolnictwa Wy\u017cszego\"><\/a>\r\n                        <a href=\"https:\/\/www.bialystok.uw.gov.pl\" target=\"_blank\" class=\"patronat-logos-item\"><img decoding=\"async\" src=\"https:\/\/podlaskifestiwal.pl\/2019\/wp-content\/uploads\/sites\/3\/2018\/04\/wojewoda.png\" alt=\"Wojewoda Podlaski\"><\/a>\r\n                        <a href=\"https:\/\/www.wrotapodlasia.pl\/pl\/\" target=\"_blank\" class=\"patronat-logos-item\"><img decoding=\"async\" src=\"https:\/\/podlaskifestiwal.pl\/2019\/wp-content\/uploads\/sites\/3\/2018\/04\/marszalek.png\" alt=\"Marsza\u0142ek Wojew\u00f3dztwa Podlaskiego\"><\/a>\r\n                        <a href=\"https:\/\/www.bialystok.pl\/\" target=\"_blank\" class=\"patronat-logos-item\"><img decoding=\"async\" src=\"https:\/\/podlaskifestiwal.pl\/2019\/wp-content\/uploads\/sites\/3\/2018\/04\/prezydent.png\" alt=\"Prezydent Miasta Bia\u0142egostoku\"><\/a>\r\n                        <a href=\"http:\/\/www.kuratorium.bialystok.pl\/\" target=\"_blank\" class=\"patronat-logos-item\"><img decoding=\"async\" src=\"https:\/\/podlaskifestiwal.pl\/2019\/wp-content\/uploads\/sites\/3\/2018\/04\/kurator.png\" alt=\"Podlaski Kurator O\u015bwiaty\"><\/a>\r\n                        <a href=\"http:\/\/www.lomza.pl\/\" target=\"_blank\" class=\"patronat-logos-item\"><img decoding=\"async\" src=\"https:\/\/podlaskifestiwal.pl\/2019\/wp-content\/uploads\/sites\/3\/2019\/04\/LOGO\u0141OM\u017bA.jpg\" alt=\"Prezydent miasta \u0141om\u017ca\"><\/a>\r\n                        <a href=\"https:\/\/um.suwalki.pl\/\" target=\"_blank\" class=\"patronat-logos-item\"><img decoding=\"async\" src=\"https:\/\/podlaskifestiwal.pl\/2019\/wp-content\/uploads\/sites\/3\/2019\/04\/patronatsuwalk.jpg\" alt=\"Prezydent miasta Suwa\u0142k\"><\/a>\r\n                <\/div>\r\n    <br \/>\n&nbsp;<\/p>\n<h1 style=\"text-align: center\">Patronat Medialny:<\/h1>\n<p>&nbsp;<br \/>\n    <div class=\"patronat-medialny-logos\">\r\n                    <a href=\"http:\/\/bialystok.wyborcza.pl\/bialystok\/\" target=\"_blank\" class=\"patronat-medialny-logos-item\"><img decoding=\"async\" src=\"https:\/\/podlaskifestiwal.pl\/2019\/wp-content\/uploads\/sites\/3\/2019\/03\/z21160262Qlogo-Gazeta-Wyborcza.jpg\" alt=\"Gazet\u0119 Wyborcz\u0105 w Bia\u0142ymstoku\"><\/a>\r\n                        <a href=\"http:\/\/bialystok.tvp.pl\/\" target=\"_blank\" class=\"patronat-medialny-logos-item\"><img decoding=\"async\" src=\"https:\/\/podlaskifestiwal.pl\/2019\/wp-content\/uploads\/sites\/3\/2018\/04\/tvp3-1.png\" alt=\"TVP3 Bia\u0142ystok &#8211; Telewizja Polska S.A.\"><\/a>\r\n                        <a href=\"http:\/\/www.radio.bialystok.pl\/\" target=\"_blank\" class=\"patronat-medialny-logos-item\"><img decoding=\"async\" src=\"https:\/\/podlaskifestiwal.pl\/2019\/wp-content\/uploads\/sites\/3\/2018\/04\/radio_bstok-1.png\" alt=\"Polskie Radio Bia\u0142ystok\"><\/a>\r\n                        <a href=\"http:\/\/www.bialystokonline.pl\/\" target=\"_blank\" class=\"patronat-medialny-logos-item\"><img decoding=\"async\" src=\"https:\/\/podlaskifestiwal.pl\/2019\/wp-content\/uploads\/sites\/3\/2018\/04\/bstok_online-1.png\" alt=\"Bia\u0142ystok Online &#8211; Portal Miejski Bia\u0142ystok\"><\/a>\r\n                        <a href=\"https:\/\/www.4lomza.pl\/\" target=\"_blank\" class=\"patronat-medialny-logos-item\"><img decoding=\"async\" src=\"https:\/\/podlaskifestiwal.pl\/2019\/wp-content\/uploads\/sites\/3\/2018\/04\/lomza-1.png\" alt=\"4lomza.pl &#8211; Regionalny Portal\"><\/a>\r\n                        <a href=\"https:\/\/www.niebywalesuwalki.pl\/\" target=\"_blank\" class=\"patronat-medialny-logos-item\"><img decoding=\"async\" src=\"https:\/\/podlaskifestiwal.pl\/2019\/wp-content\/uploads\/sites\/3\/2018\/04\/niebywa\u0142e-czyste.png\" alt=\"Niebywa\u0142e Suwa\u0142ki &#8211; Pozytywny Dziennik Kulturalno Informacyjny\"><\/a>\r\n                        <a href=\"http:\/\/akadera.bialystok.pl\/\" target=\"_blank\" class=\"patronat-medialny-logos-item\"><img decoding=\"async\" src=\"https:\/\/podlaskifestiwal.pl\/2019\/wp-content\/uploads\/sites\/3\/2018\/04\/akadera-1.png\" alt=\"Radio Akadera\"><\/a>\r\n                        <a href=\"https:\/\/platontv.pl\/\" target=\"_blank\" class=\"patronat-medialny-logos-item\"><img decoding=\"async\" src=\"https:\/\/podlaskifestiwal.pl\/2019\/wp-content\/uploads\/sites\/3\/2018\/04\/platon-1.png\" alt=\"Naukowa Interaktywna Telewizja HD PlatonTV\"><\/a>\r\n                <\/div>\r\n    <br \/>\n&nbsp;<\/p>\n","protected":false},"excerpt":{"rendered":"<p>Partnerzy: &nbsp; Patronat: &nbsp; &nbsp; Patronat Medialny: &nbsp; &nbsp;<\/p>\n","protected":false},"author":1,"featured_media":0,"parent":16,"menu_order":0,"comment_status":"closed","ping_status":"closed","template":"","meta":{"ngg_post_thumbnail":0,"footnotes":""},"class_list":["post-151","page","type-page","status-publish","hentry"],"_links":{"self":[{"href":"https:\/\/podlaskifestiwal.pl\/2019\/wp-json\/wp\/v2\/pages\/151","targetHints":{"allow":["GET"]}}],"collection":[{"href":"https:\/\/podlaskifestiwal.pl\/2019\/wp-json\/wp\/v2\/pages"}],"about":[{"href":"https:\/\/podlaskifestiwal.pl\/2019\/wp-json\/wp\/v2\/types\/page"}],"author":[{"embeddable":true,"href":"https:\/\/podlaskifestiwal.pl\/2019\/wp-json\/wp\/v2\/users\/1"}],"replies":[{"embeddable":true,"href":"https:\/\/podlaskifestiwal.pl\/2019\/wp-json\/wp\/v2\/comments?post=151"}],"version-history":[{"count":26,"href":"https:\/\/podlaskifestiwal.pl\/2019\/wp-json\/wp\/v2\/pages\/151\/revisions"}],"predecessor-version":[{"id":3982,"href":"https:\/\/podlaskifestiwal.pl\/2019\/wp-json\/wp\/v2\/pages\/151\/revisions\/3982"}],"up":[{"embeddable":true,"href":"https:\/\/podlaskifestiwal.pl\/2019\/wp-json\/wp\/v2\/pages\/16"}],"wp:attachment":[{"href":"https:\/\/podlaskifestiwal.pl\/2019\/wp-json\/wp\/v2\/media?parent=151"}],"curies":[{"name":"wp","href":"https:\/\/api.w.org\/{rel}","templated":true}]}}