{"id":148,"date":"2018-02-28T08:34:26","date_gmt":"2018-02-28T08:34:26","guid":{"rendered":"http:\/\/podlaskifestiwal.pl\/r2019\/?page_id=148"},"modified":"2019-05-17T09:17:13","modified_gmt":"2019-05-17T09:17:13","slug":"komitet-organizacyjny","status":"publish","type":"page","link":"https:\/\/podlaskifestiwal.pl\/2019\/o-festiwalu\/komitet-organizacyjny\/","title":{"rendered":"Komitet organizacyjny"},"content":{"rendered":"<p><strong>P<\/strong><strong>rzewodnicz\u0105ca: <\/strong> <a href=\"mailto:prorektor.nauka@uwb.edu.pl\"> prof. dr hab. Izabela \u015awi\u0119cicka<\/a> &#8211; Uniwersytet w Bia\u0142ymstoku<\/p>\n<p><strong>Koordynator g\u0142\u00f3wny<\/strong>: <a href=\"mailto:aneta@uwb.edu.pl\">dr hab. Aneta Petelska<\/a> &#8211; Uniwersytet w Bia\u0142ymstoku<\/p>\n<p>&nbsp;<\/p>\n<p><strong>Cz\u0142onkowie:<\/strong><\/p>\n<p><a href=\"mailto:rektorat@awsd.bialystok.pl\">dr hab. Andrzej Proniewski<\/a> &#8211; Archidiecezjalne Wy\u017csze Seminarium Duchowne<\/p>\n<p><a href=\"mailto:prodziekan@atb.edu.pl\">dr Katarzyna Siergiej<\/a> &#8211; Akademia Teatralna, Wydzia\u0142 Sztuki Lalkarskiej w Bia\u0142ymstoku<\/p>\n<p>Pawe\u0142 Turel &#8211; Bia\u0142ostocki Park Naukowo \u2013Technologiczny<\/p>\n<p><a href=\"mailto:b.kobus@uwb.edu.pl\">dr Beata Madras-Kobus<\/a> \u2013 Pa\u0144stwowa Wy\u017csza Szko\u0142a Informatyki i Przedsi\u0119biorczo\u015bci w \u0141om\u017cy<\/p>\n<p><a href=\"mailto:smolskiw@wp.pl\">dr Wies\u0142aw Smolski<\/a> &#8211; Niepa\u0144stwowa Wy\u017csza Szko\u0142a Pedagogiczna w Bia\u0142ymstoku<\/p>\n<p><a href=\"mailto:rzecznik@pwsz.suwalki.pl\">Dawid Harasim<\/a> \u2013 Pa\u0144stwowa Wy\u017csza Szko\u0142a Zawodowa w Suwa\u0142kach<\/p>\n<p>Eliza Kupich &#8211; Park Naukowo \u2013Technologiczny w Suwa\u0142kach<\/p>\n<p><a href=\"mailto:j.kusznier@pb.edu.pl\">dr in\u017c. Jacek Kusznier<\/a> &#8211; Politechnika Bia\u0142ostocka<\/p>\n<p><a href=\"mailto:wojciech.miltyk@umb.edu.pl\">prof. dr hab. Wojciech Miltyk<\/a> &#8211; Uniwersytet Medyczny w Bia\u0142ymstoku<\/p>\n<p><a href=\"mailto:promocja@umb.edu.pl\">Hanna Sarosiek<\/a> &#8211; Uniwersytet Medyczny w Bia\u0142ymstoku<\/p>\n<p><a href=\"mailto:jcieslikk@mc.com\">dr Joanna Cie\u015blik-Klauza<\/a> &#8211; Uniwersytet Muzyczny Fryderyka Chopina, Wydzia\u0142 Instrumentalno-Pedagogiczny w Bia\u0142ymstoku<\/p>\n<p><a href=\"mailto:evabasia@wp.pl\">dr Ewa Barbara Rafa\u0142ko<\/a> &#8211; Uniwersytet Muzyczny Fryderyka Chopina, Wydzia\u0142 Instrumentalno-Pedagogiczny w Bia\u0142ymstoku<\/p>\n<p><a href=\"mailto:m.sadlowska@uwb.edu.pl\">Ma\u0142gorzata Sad\u0142owska-Suprun<\/a> &#8211; Uniwersytet w Bia\u0142ymstoku<\/p>\n<p><a href=\"mailto:marta.wojcik@wse.edu.pl\">Marta W\u00f3jcik<\/a> &#8211; Wy\u017csza Szko\u0142a Ekonomiczna w Bia\u0142ymstoku<\/p>\n<p><a href=\"mailto:adam.szczepanowski@wsfiz.edu.pl\">dr Adam Szczepanowski<\/a> &#8211; Wy\u017csza Szko\u0142a Finans\u00f3w i Zarz\u0105dzania w Bia\u0142ymstoku<\/p>\n<p><a href=\"mailto:e.baranczuk@wsmed.pl\">dr El\u017cbieta Bara\u0144czuk<\/a> \u2013 Wy\u017csza Szko\u0142a Medyczna w Bia\u0142ymstoku<\/p>\n<p>&nbsp;<\/p>\n<p>&nbsp;<\/p>\n<p>&nbsp;<\/p>\n<p>&nbsp;<\/p>\n<p>&nbsp;<\/p>\n","protected":false},"excerpt":{"rendered":"<p>Przewodnicz\u0105ca: prof. dr hab. Izabela \u015awi\u0119cicka &#8211; Uniwersytet w Bia\u0142ymstoku Koordynator g\u0142\u00f3wny: dr hab. Aneta Petelska &#8211; Uniwersytet w Bia\u0142ymstoku &nbsp; Cz\u0142onkowie: dr hab. Andrzej Proniewski &#8211; Archidiecezjalne Wy\u017csze Seminarium Duchowne dr Katarzyna Siergiej &#8211; Akademia Teatralna, Wydzia\u0142 Sztuki Lalkarskiej w Bia\u0142ymstoku Pawe\u0142 Turel &#8211; Bia\u0142ostocki Park Naukowo \u2013Technologiczny dr Beata Madras-Kobus \u2013 Pa\u0144stwowa Wy\u017csza [&hellip;]<\/p>\n","protected":false},"author":1,"featured_media":0,"parent":16,"menu_order":0,"comment_status":"closed","ping_status":"closed","template":"","meta":{"ngg_post_thumbnail":0,"footnotes":""},"class_list":["post-148","page","type-page","status-publish","hentry"],"_links":{"self":[{"href":"https:\/\/podlaskifestiwal.pl\/2019\/wp-json\/wp\/v2\/pages\/148","targetHints":{"allow":["GET"]}}],"collection":[{"href":"https:\/\/podlaskifestiwal.pl\/2019\/wp-json\/wp\/v2\/pages"}],"about":[{"href":"https:\/\/podlaskifestiwal.pl\/2019\/wp-json\/wp\/v2\/types\/page"}],"author":[{"embeddable":true,"href":"https:\/\/podlaskifestiwal.pl\/2019\/wp-json\/wp\/v2\/users\/1"}],"replies":[{"embeddable":true,"href":"https:\/\/podlaskifestiwal.pl\/2019\/wp-json\/wp\/v2\/comments?post=148"}],"version-history":[{"count":23,"href":"https:\/\/podlaskifestiwal.pl\/2019\/wp-json\/wp\/v2\/pages\/148\/revisions"}],"predecessor-version":[{"id":4309,"href":"https:\/\/podlaskifestiwal.pl\/2019\/wp-json\/wp\/v2\/pages\/148\/revisions\/4309"}],"up":[{"embeddable":true,"href":"https:\/\/podlaskifestiwal.pl\/2019\/wp-json\/wp\/v2\/pages\/16"}],"wp:attachment":[{"href":"https:\/\/podlaskifestiwal.pl\/2019\/wp-json\/wp\/v2\/media?parent=148"}],"curies":[{"name":"wp","href":"https:\/\/api.w.org\/{rel}","templated":true}]}}