{"id":14,"date":"2018-02-14T11:18:07","date_gmt":"2018-02-14T11:18:07","guid":{"rendered":"http:\/\/podlaskifestiwal.pl\/r2019\/?page_id=14"},"modified":"2019-03-27T17:18:16","modified_gmt":"2019-03-27T17:18:16","slug":"kontakt","status":"publish","type":"page","link":"https:\/\/podlaskifestiwal.pl\/2019\/kontakt\/","title":{"rendered":"Kontakt"},"content":{"rendered":"<h2>UNIWERSYTET W BIA\u0141YMSTOKU &#8211; Koordynator XVII PFNiS<\/h2>\n<h4>ul. \u015awierkowa 20 B<br \/>\n15-328 Bia\u0142ystok<\/h4>\n<h4>NIP: 542-23-83-747<\/h4>\n<p><strong>Osoba do kontaktu<br \/>\nKoordynator G\u0142\u00f3wny XVII PFNiS:<\/strong><br \/>\ndr hab. Aneta Petelska<br \/>\ne-mail: podlaskifestiwal@biaman.pl<\/p>\n<p><strong>Biuro Festiwalu<\/strong><br \/>\nul. \u015awierkowa 20 B pok. 305<br \/>\n15-328 Bia\u0142ystok<\/p>\n<p>Znajd\u017a nas na <a title=\"Przejd\u017a do: Profil FB PB\" href=\"https:\/\/www.facebook.com\/PodlaskiFestiwalNauki\/\" target=\"_blank\" rel=\"noopener\">Facebooku<\/a><\/p>\n<p>&nbsp;<\/p>\n<div class=\"embed-responsive embed-responsive-16by9\"><iframe class=\"embed-responsive-item\" src=\"https:\/\/www.google.com\/maps\/embed?pb=!1m18!1m12!1m3!1d1197.3532856667541!2d23.147772783700535!3d53.11546079749143!2m3!1f0!2f0!3f0!3m2!1i1024!2i768!4f13.1!3m3!1m2!1s0x471ffbcdc6f53685%3A0xc9a210b99b567b49!2sRektorat+Uniwersytetu+w+Bia%C5%82ymstoku!5e0!3m2!1spl!2spl!4v1553679245924\"  border=\"0\" frameborder=\"0\"><\/iframe><\/div>\n","protected":false},"excerpt":{"rendered":"<p>UNIWERSYTET W BIA\u0141YMSTOKU &#8211; Koordynator XVII PFNiS ul. \u015awierkowa 20 B 15-328 Bia\u0142ystok NIP: 542-23-83-747 Osoba do kontaktu Koordynator G\u0142\u00f3wny XVII PFNiS: dr hab. Aneta Petelska e-mail: podlaskifestiwal@biaman.pl Biuro Festiwalu ul. \u015awierkowa 20 B pok. 305 15-328 Bia\u0142ystok Znajd\u017a nas na Facebooku &nbsp;<\/p>\n","protected":false},"author":1,"featured_media":0,"parent":0,"menu_order":0,"comment_status":"closed","ping_status":"closed","template":"","meta":{"ngg_post_thumbnail":0,"footnotes":""},"class_list":["post-14","page","type-page","status-publish","hentry"],"_links":{"self":[{"href":"https:\/\/podlaskifestiwal.pl\/2019\/wp-json\/wp\/v2\/pages\/14","targetHints":{"allow":["GET"]}}],"collection":[{"href":"https:\/\/podlaskifestiwal.pl\/2019\/wp-json\/wp\/v2\/pages"}],"about":[{"href":"https:\/\/podlaskifestiwal.pl\/2019\/wp-json\/wp\/v2\/types\/page"}],"author":[{"embeddable":true,"href":"https:\/\/podlaskifestiwal.pl\/2019\/wp-json\/wp\/v2\/users\/1"}],"replies":[{"embeddable":true,"href":"https:\/\/podlaskifestiwal.pl\/2019\/wp-json\/wp\/v2\/comments?post=14"}],"version-history":[{"count":25,"href":"https:\/\/podlaskifestiwal.pl\/2019\/wp-json\/wp\/v2\/pages\/14\/revisions"}],"predecessor-version":[{"id":3153,"href":"https:\/\/podlaskifestiwal.pl\/2019\/wp-json\/wp\/v2\/pages\/14\/revisions\/3153"}],"wp:attachment":[{"href":"https:\/\/podlaskifestiwal.pl\/2019\/wp-json\/wp\/v2\/media?parent=14"}],"curies":[{"name":"wp","href":"https:\/\/api.w.org\/{rel}","templated":true}]}}