{"id":148,"date":"2018-02-28T08:34:26","date_gmt":"2018-02-28T08:34:26","guid":{"rendered":"http:\/\/podlaskifestiwal.pl\/podlaskifestiwal-2\/?page_id=148"},"modified":"2018-04-25T13:33:05","modified_gmt":"2018-04-25T13:33:05","slug":"komitet-organizacyjny","status":"publish","type":"page","link":"https:\/\/podlaskifestiwal.pl\/2018\/o-festiwalu\/komitet-organizacyjny\/","title":{"rendered":"Komitet organizacyjny"},"content":{"rendered":"<h3>Przewodnicz\u0105cy<\/h3>\n<p>prof. dr hab. in\u017c. Andrzej Sikorski &#8211; Politechnika Bia\u0142ostocka<\/p>\n<p>Koordynator G\u0142\u00f3wny &#8211; dr in\u017c. Jacek Kusznier &#8211; Politechnika Bia\u0142ostocka<\/p>\n<h3>&nbsp;<\/h3>\n<h3>Cz\u0142onkowie<\/h3>\n<p>dr Katarzyna Siergiej &#8211; Akademia Teatralna im. Aleksandra Zelwerowicza w Warszawie Wydzia\u0142 Sztuki Lalkarskiej w Bia\u0142ymstoku<\/p>\n<p>ks. dr Marian Strankowski &#8211; Archidiecezjalne Wy\u017csze Seminarium Duchowne w Bia\u0142ymstoku<\/p>\n<p>mgr Izabela Kaczy\u0144ska &#8211; Niepa\u0144stwowa Wy\u017csza Szko\u0142a Pedagogiczna w Bia\u0142ymstoku<\/p>\n<p>dr in\u017c. Aneta Wiktorzak &#8211; Pa\u0144stwowa Wy\u017csza Szko\u0142a Informatyki i Przedsi\u0119biorczo\u015bci w \u0141om\u017cy<\/p>\n<p>mgr Dawid Harasim &#8211; Pa\u0144stwowa Wy\u017csza Szko\u0142a Zawodowa im. prof. Edwarda F. Szczepanika w Suwa\u0142kach<\/p>\n<p>dr hab. Wojciech Miltyk &#8211; Uniwersytet Medyczny w Bia\u0142ymstoku<\/p>\n<p>mgr Hanna Sarosiek &#8211; Uniwersytet Medyczny w Bia\u0142ymstoku<\/p>\n<p>dr hab. Aneta Petelska &#8211; Uniwersytet w Bia\u0142ymstoku<\/p>\n<p>mgr Urszula D\u0105browska &#8211; Uniwersytet w Bia\u0142ymstoku<\/p>\n<p>dr Jacek Pietraszewski &#8211; Wy\u017csza Szko\u0142a Administracji Publicznej im. Stanis\u0142awa Staszica w Bia\u0142ymstoku<\/p>\n<p>dr in\u017c. Ireneusz \u017buchowski &#8211; Wy\u017csza Szko\u0142a Agrobiznesu w \u0141om\u017cy<\/p>\n<p>mgr Urszula Onichimiuk &#8211; Wy\u017csza Szko\u0142a Ekonomiczna w Bia\u0142ymstoku<\/p>\n<p>dr Adam E. Szczepanowski &#8211; Wy\u017csza Szko\u0142a Finans\u00f3w i Zarz\u0105dzania w Bia\u0142ymstoku<\/p>\n<p>dr El\u017cbieta Bara\u0144czuk &#8211; Wy\u017csza Szko\u0142a Medyczna w Bia\u0142ymstoku<\/p>\n<p>mgr Barbara Supi\u0144ska &#8211; Bia\u0142ostocki Park Naukowo-Technologiczny<\/p>\n<p>Uniwersytet Muzyczny Fryderyka Chopina, Wydzia\u0142 Instrumentalno-Pedagogiczny w Bia\u0142ymstoku<\/p>\n<p>Galeria Arsena\u0142<\/p>\n<p>Stadion Miejski w Bia\u0142ymstoku<\/p>\n<p>Opera i Filharmonia Podlaska \u2013 Europejskie Centrum Sztuki w Bia\u0142ymstoku<\/p>\n<p>&nbsp;<\/p>\n","protected":false},"excerpt":{"rendered":"<p>Przewodnicz\u0105cy prof. dr hab. in\u017c. Andrzej Sikorski &#8211; Politechnika Bia\u0142ostocka Koordynator G\u0142\u00f3wny &#8211; dr in\u017c. Jacek Kusznier &#8211; Politechnika Bia\u0142ostocka &nbsp; Cz\u0142onkowie dr Katarzyna Siergiej &#8211; Akademia Teatralna im. Aleksandra Zelwerowicza w Warszawie Wydzia\u0142 Sztuki Lalkarskiej w Bia\u0142ymstoku ks. dr Marian Strankowski &#8211; Archidiecezjalne Wy\u017csze Seminarium Duchowne w Bia\u0142ymstoku mgr Izabela Kaczy\u0144ska &#8211; Niepa\u0144stwowa Wy\u017csza [&hellip;]<\/p>\n","protected":false},"author":1,"featured_media":0,"parent":16,"menu_order":0,"comment_status":"closed","ping_status":"closed","template":"","meta":{"ngg_post_thumbnail":0,"footnotes":""},"class_list":["post-148","page","type-page","status-publish","hentry"],"_links":{"self":[{"href":"https:\/\/podlaskifestiwal.pl\/2018\/wp-json\/wp\/v2\/pages\/148","targetHints":{"allow":["GET"]}}],"collection":[{"href":"https:\/\/podlaskifestiwal.pl\/2018\/wp-json\/wp\/v2\/pages"}],"about":[{"href":"https:\/\/podlaskifestiwal.pl\/2018\/wp-json\/wp\/v2\/types\/page"}],"author":[{"embeddable":true,"href":"https:\/\/podlaskifestiwal.pl\/2018\/wp-json\/wp\/v2\/users\/1"}],"replies":[{"embeddable":true,"href":"https:\/\/podlaskifestiwal.pl\/2018\/wp-json\/wp\/v2\/comments?post=148"}],"version-history":[{"count":12,"href":"https:\/\/podlaskifestiwal.pl\/2018\/wp-json\/wp\/v2\/pages\/148\/revisions"}],"predecessor-version":[{"id":1701,"href":"https:\/\/podlaskifestiwal.pl\/2018\/wp-json\/wp\/v2\/pages\/148\/revisions\/1701"}],"up":[{"embeddable":true,"href":"https:\/\/podlaskifestiwal.pl\/2018\/wp-json\/wp\/v2\/pages\/16"}],"wp:attachment":[{"href":"https:\/\/podlaskifestiwal.pl\/2018\/wp-json\/wp\/v2\/media?parent=148"}],"curies":[{"name":"wp","href":"https:\/\/api.w.org\/{rel}","templated":true}]}}