{"id":14,"date":"2018-02-14T11:18:07","date_gmt":"2018-02-14T11:18:07","guid":{"rendered":"http:\/\/podlaskifestiwal.pl\/podlaskifestiwal-2\/?page_id=14"},"modified":"2018-05-15T07:20:50","modified_gmt":"2018-05-15T07:20:50","slug":"kontakt","status":"publish","type":"page","link":"https:\/\/podlaskifestiwal.pl\/2018\/kontakt\/","title":{"rendered":"Kontakt"},"content":{"rendered":"<h2>Politechnika Bia\u0142ostocka &#8211; Koordynator XVI PFNiS<\/h2>\n<h4>ul. Wiejska 45A<br \/>\n15-351 Bia\u0142ystok<\/h4>\n<p>REGON: 000001672<br \/>\nNIP: 542-020-87-21<\/p>\n<p><strong>Osoba do kontaktu<br \/>\nKoordynator G\u0142\u00f3wny XVI PFNiS:<\/strong><br \/>\ndr in\u017c. Jacek Kusznier<br \/>\ne-mail: podlaskifestiwal@biaman.pl<\/p>\n<p><strong>Biuro Festiwalu<\/strong><br \/>\nul. Wiejska 45A, pok. 037<br \/>\n15-351 Bia\u0142ystok<\/p>\n<p>Znajd\u017a nas na <a title=\"Przejd\u017a do: Profil FB PB\" href=\"https:\/\/www.facebook.com\/politechnikabialostocka\" target=\"_blank\" rel=\"noopener\">Facebooku<\/a><\/p>\n<p>&nbsp;<\/p>\n<div class=\"embed-responsive embed-responsive-16by9\"><iframe class=\"embed-responsive-item\" src=\"https:\/\/www.google.com\/maps\/embed?pb=!1m10!1m8!1m3!1d2394.549055197512!2d23.1497203!3d53.1182888!3m2!1i1024!2i768!4f13.1!5e0!3m2!1spl!2spl!4v1508014040914\"  border=\"0\" frameborder=\"0\"><\/iframe><\/div>\n","protected":false},"excerpt":{"rendered":"<p>Politechnika Bia\u0142ostocka &#8211; Koordynator XVI PFNiS ul. Wiejska 45A 15-351 Bia\u0142ystok REGON: 000001672 NIP: 542-020-87-21 Osoba do kontaktu Koordynator G\u0142\u00f3wny XVI PFNiS: dr in\u017c. Jacek Kusznier e-mail: podlaskifestiwal@biaman.pl Biuro Festiwalu ul. Wiejska 45A, pok. 037 15-351 Bia\u0142ystok Znajd\u017a nas na Facebooku &nbsp;<\/p>\n","protected":false},"author":1,"featured_media":0,"parent":0,"menu_order":0,"comment_status":"closed","ping_status":"closed","template":"","meta":{"ngg_post_thumbnail":0,"footnotes":""},"class_list":["post-14","page","type-page","status-publish","hentry"],"_links":{"self":[{"href":"https:\/\/podlaskifestiwal.pl\/2018\/wp-json\/wp\/v2\/pages\/14","targetHints":{"allow":["GET"]}}],"collection":[{"href":"https:\/\/podlaskifestiwal.pl\/2018\/wp-json\/wp\/v2\/pages"}],"about":[{"href":"https:\/\/podlaskifestiwal.pl\/2018\/wp-json\/wp\/v2\/types\/page"}],"author":[{"embeddable":true,"href":"https:\/\/podlaskifestiwal.pl\/2018\/wp-json\/wp\/v2\/users\/1"}],"replies":[{"embeddable":true,"href":"https:\/\/podlaskifestiwal.pl\/2018\/wp-json\/wp\/v2\/comments?post=14"}],"version-history":[{"count":14,"href":"https:\/\/podlaskifestiwal.pl\/2018\/wp-json\/wp\/v2\/pages\/14\/revisions"}],"predecessor-version":[{"id":2149,"href":"https:\/\/podlaskifestiwal.pl\/2018\/wp-json\/wp\/v2\/pages\/14\/revisions\/2149"}],"wp:attachment":[{"href":"https:\/\/podlaskifestiwal.pl\/2018\/wp-json\/wp\/v2\/media?parent=14"}],"curies":[{"name":"wp","href":"https:\/\/api.w.org\/{rel}","templated":true}]}}